{"id":2188,"date":"2026-01-15T12:49:18","date_gmt":"2026-01-15T10:49:18","guid":{"rendered":"https:\/\/www.the-light-one.ro\/declaratie-de-confidentialitate-ue\/"},"modified":"2026-04-23T13:06:25","modified_gmt":"2026-04-23T10:06:25","slug":"declaratie-de-confidentialitate-ue","status":"publish","type":"page","link":"https:\/\/www.the-light-one.ro\/ro\/declaratie-de-confidentialitate-ue\/","title":{"rendered":"Declara\u021bie de confiden\u021bialitate (UE)"},"content":{"rendered":"\t\t<div data-elementor-type=\"wp-page\" data-elementor-id=\"2188\" class=\"elementor elementor-2188 elementor-1569\" data-elementor-post-type=\"page\">\n\t\t\t\t<div class=\"elementor-element elementor-element-1c8d0c30 e-flex e-con-boxed e-con e-parent\" data-id=\"1c8d0c30\" data-element_type=\"container\" data-e-type=\"container\" data-settings=\"{&quot;background_background&quot;:&quot;gradient&quot;}\">\n\t\t\t\t\t<div class=\"e-con-inner\">\n\t\t\t\t<div class=\"elementor-element elementor-element-5fa178d elementor-widget elementor-widget-heading\" data-id=\"5fa178d\" data-element_type=\"widget\" data-e-type=\"widget\" data-widget_type=\"heading.default\">\n\t\t\t\t<div class=\"elementor-widget-container\">\n\t\t\t\t\t<h2 class=\"elementor-heading-title elementor-size-default\">Declara\u021bie de confiden\u021bialitate (UE)<\/h2>\t\t\t\t<\/div>\n\t\t\t\t<\/div>\n\t\t\t\t<div class=\"elementor-element elementor-element-290b44ca elementor-widget elementor-widget-shortcode\" data-id=\"290b44ca\" data-element_type=\"widget\" data-e-type=\"widget\" data-widget_type=\"shortcode.default\">\n\t\t\t\t<div class=\"elementor-widget-container\">\n\t\t\t\t\t\t\t<div class=\"elementor-shortcode\">\n<!-- Legal document generated by Complianz | GDPR\/CCPA Cookie Consent https:\/\/wordpress.org\/plugins\/complianz-gdpr -->\n<div id=\"cmplz-document\" class=\"cmplz-document privacy-statement cmplz-document-eu\"><p><i>Aceast\u0103 declara\u021bie de confiden\u021bialitate a fost actualizat\u0103 ultima dat\u0103 la 15 ianuarie 2026 \u0219i se aplic\u0103 cet\u0103\u021benilor \u0219i reziden\u021bilor permanen\u021bi din Spa\u021biul Economic European \u0219i Elve\u021bia.<\/i><br \/><br \/><\/p><p><p>\u00cen aceast\u0103 Declara\u021bie de confiden\u021bialitate, vom explica ce facem cu datele pe care le ob\u021binem despre tine prin intermediul <a href=\"https:\/\/www.the-light-one.ro\/ro\/\">https:\/\/www.the-light-one.ro\/ro\/<\/a>. \u00ce\u0219i recomand\u0103m s\u0103 cite\u0219ti cu aten\u021bie aceast\u0103 declara\u021bie. \u00cen procesarea noastr\u0103 respect\u0103m cerin\u021bele legisla\u021biei privind confiden\u021bialitatea. Asta \u00eenseamn\u0103, printre altele, c\u0103:<\/p><ul>\n                <li>declar\u0103m \u00een mod clar scopurile pentru care prelucr\u0103m datele cu caracter personal. Facem acest lucru prin intermediul acestei declara\u021bii de confiden\u021bialitate;<\/li>\n                <li>ne propunem s\u0103 ne limit\u0103m colectarea de date cu caracter personal doar la datele cu caracter personal solicitate \u00een scopuri legitime;<\/li>\n                <li>\u00een situa\u021biile care necesit\u0103 consim\u021b\u0103m\u00e2ntul pentru prelucrarea datelor personale, mai \u00eent\u00e2i solicit\u0103m consim\u021b\u0103m\u00e2ntul t\u0103u explicit pentru prelucrarea datelor tale personale;<\/li>\n                <li>lu\u0103m m\u0103suri de securitate adecvate pentru a \u00ee\u021bi proteja datele cu caracter personal \u0219i, de asemenea, le solicit\u0103m p\u0103r\u021bilor care proceseaz\u0103 datele cu caracter personal \u00een numele nostru;<\/li>\n                <li>\u00ee\u021bi respect\u0103m dreptul de a accesa datele tale personale sau de a le corecta sau \u0219terge, la cererea ta.<\/li>\n            <\/ul><p>Dac\u0103 ai \u00eentreb\u0103ri sau dore\u0219ti s\u0103 \u0219tii exact ce date p\u0103str\u0103m despre tine, te rug\u0103m s\u0103 ne contactezi.<\/p><\/p><h2>1. Scop, date \u0219i perioada de p\u0103strare<\/h2>Este posibil s\u0103 colect\u0103m sau s\u0103 primim informa\u021bii personale pentru mai multe scopuri legate de opera\u021biunile noastre comerciale, care pot include urm\u0103toarele: (clic pentru a extinde)<details class=\"cmplz-dropdown dropdown-privacy-statement\"><summary><div><h3>1.1 Contact - Prin telefon, po\u0219t\u0103, e-mail \u0219i \/ sau formulare online<\/h3><\/div><\/summary><p class=\"cmplz-subtitle\">\u00cen acest scop, utiliz\u0103m urm\u0103toarele date:<\/p><p><ul><li>Un prenume \u0219i un nume<\/li><li>O adres\u0103 de e-mail<\/li><li>Un num\u0103r de telefon<\/li><li>Adresa IP<\/li><li>Informa\u021bii despre activitatea pe internet, inclusiv, dar f\u0103r\u0103 a se limita la, istoricul navig\u0103rii, istoricul c\u0103ut\u0103rilor \u0219i informa\u021bii privind interac\u021biunea consumatorului cu un site, o aplica\u021bie sau o reclam\u0103 de pe Internet<\/li><li>Date de geolocalizare<\/li><\/ul><\/p><p class=\"cmplz-subtitle\">Putem prelucra aceste date \u00een baza:<\/p><p><a target=\"_blank\" rel=\"noopener noreferrer nofollow\" href=\"https:\/\/cookiedatabase.org\/legal-bases\/#consent\">La acordarea consim\u021b\u0103m\u00e2ntului.<\/a><\/p><p class=\"cmplz-subtitle\">Perioada de p\u0103strare<\/p><p>La terminarea serviciului, p\u0103str\u0103m aceste date pentru urm\u0103toarea perioad\u0103: 5 years.<\/p><\/details><details class=\"cmplz-dropdown dropdown-privacy-statement\"><summary><div><h3>1.2 Newslettere<\/h3><\/div><\/summary><p class=\"cmplz-subtitle\">\u00cen acest scop, utiliz\u0103m urm\u0103toarele date:<\/p><p><ul><li>Un prenume \u0219i un nume<\/li><li>O adres\u0103 de e-mail<\/li><li>Un num\u0103r de telefon<\/li><li>Adresa IP<\/li><li>Informa\u021bii despre activitatea pe internet, inclusiv, dar f\u0103r\u0103 a se limita la, istoricul navig\u0103rii, istoricul c\u0103ut\u0103rilor \u0219i informa\u021bii privind interac\u021biunea consumatorului cu un site, o aplica\u021bie sau o reclam\u0103 de pe Internet<\/li><li>Date de geolocalizare<\/li><\/ul><\/p><p class=\"cmplz-subtitle\">Putem prelucra aceste date \u00een baza:<\/p><p><a target=\"_blank\" rel=\"noopener noreferrer nofollow\" href=\"https:\/\/cookiedatabase.org\/legal-bases\/#consent\">La acordarea consim\u021b\u0103m\u00e2ntului.<\/a><\/p><p class=\"cmplz-subtitle\">Perioada de p\u0103strare<\/p><p>La terminarea serviciului, p\u0103str\u0103m aceste date pentru urm\u0103toarea perioad\u0103: 5 years.<\/p><\/details><details class=\"cmplz-dropdown dropdown-privacy-statement\"><summary><div><h3>1.3 Pentru a putea respecta obliga\u021biile legale<\/h3><\/div><\/summary><p class=\"cmplz-subtitle\">\u00cen acest scop, utiliz\u0103m urm\u0103toarele date:<\/p><p><ul><li>Informa\u021bii despre activitatea pe internet, inclusiv, dar f\u0103r\u0103 a se limita la, istoricul navig\u0103rii, istoricul c\u0103ut\u0103rilor \u0219i informa\u021bii privind interac\u021biunea consumatorului cu un site, o aplica\u021bie sau o reclam\u0103 de pe Internet<\/li><li>Date de geolocalizare<\/li><\/ul><\/p><p class=\"cmplz-subtitle\">Putem prelucra aceste date \u00een baza:<\/p><p><a target=\"_blank\" rel=\"noopener noreferrer nofollow\" href=\"https:\/\/cookiedatabase.org\/legal-bases\/#obligation\">Pentru respectarea unei obliga\u021bii legale sau de reglementare.<\/a><\/p><p class=\"cmplz-subtitle\">Perioada de p\u0103strare<\/p><p>La terminarea serviciului, p\u0103str\u0103m aceste date pentru urm\u0103toarea perioad\u0103: 90 days.<\/p><\/details><details class=\"cmplz-dropdown dropdown-privacy-statement\"><summary><div><h3>1.4 Compilare \u0219i analiz\u0103 statistici pentru \u00eembun\u0103t\u0103\u021birea site-ului.<\/h3><\/div><\/summary><p class=\"cmplz-subtitle\">\u00cen acest scop, utiliz\u0103m urm\u0103toarele date:<\/p><p><ul><li>Adresa IP<\/li><li>Informa\u021bii despre activitatea pe internet, inclusiv, dar f\u0103r\u0103 a se limita la, istoricul navig\u0103rii, istoricul c\u0103ut\u0103rilor \u0219i informa\u021bii privind interac\u021biunea consumatorului cu un site, o aplica\u021bie sau o reclam\u0103 de pe Internet<\/li><li>Date de geolocalizare<\/li><\/ul><\/p><p class=\"cmplz-subtitle\">Putem prelucra aceste date \u00een baza:<\/p><p><a target=\"_blank\" rel=\"noopener noreferrer nofollow\" href=\"https:\/\/cookiedatabase.org\/legal-bases\/#obligation\">Pentru respectarea unei obliga\u021bii legale sau de reglementare.<\/a><\/p><p class=\"cmplz-subtitle\">Perioada de p\u0103strare<\/p><p>La terminarea serviciului, p\u0103str\u0103m aceste date pentru urm\u0103toarea perioad\u0103: 90 days.<\/p><\/details><h2>2. Partajarea cu alte entit\u0103\u021bi<\/h2><p>Partaj\u0103m aceste date doar cu procesatori \u0219i al\u021bi ter\u021bi pentru care trebuie ob\u021binut consim\u021b\u0103m\u00e2ntul.<\/p><h2>3. Cookie-uri<\/h2><p>Pentru a oferi o experien\u021b\u0103 optim\u0103, noi \u0219i partenerii no\u0219tri folosim tehnologii precum cookie-urile pentru a stoca \u0219i \/ sau accesa informa\u021bii despre dispozitiv. Consim\u021b\u0103m\u00e2ntul fa\u021b\u0103 de aceste tehnologii ne va permite nou\u0103 \u0219i partenerilor no\u0219tri s\u0103 proces\u0103m date cu caracter personal, cum ar fi comportamentul de navigare sau ID-uri unice pe acest site. Neacordarea sau retragerea consim\u021b\u0103m\u00e2ntului poate afecta negativ anumite caracteristici \u0219i func\u021bii. Pentru mai multe informa\u021bii despre aceste tehnologii \u0219i parteneri, te rug\u0103m s\u0103 consul\u021bi <a href=\"https:\/\/www.the-light-one.ro\/ro\/politica-privind-cookie-urile-ue\/\"> Politica noastr\u0103 privind Cookie-urile <\/a>.&nbsp;<\/p><h2>4. Politica de dezv\u0103luire a informa\u021biilor<\/h2><p><p>Dezv\u0103luim informa\u021bii personale dac\u0103 ni se impune prin lege sau prin ordin judec\u0103toresc, la cererea unei organiza\u021bii care asigur\u0103 respectarea legisla\u021biei, \u00een m\u0103sura permis\u0103 de diferitele prevederi legale, pentru a furniza informa\u021bii ori pentru o investiga\u021bie pe subiecte legate de siguran\u021ba public\u0103.<\/p><p>Dac\u0103 site-ul sau organiza\u021bia noastr\u0103 sunt preluate, v\u00e2ndute ori implicate \u00eentr-o fuziune sau achizi\u021bie, e posibil ca detaliile tale s\u0103 fie dezv\u0103luite consultan\u021bilor no\u0219tri \u0219i poten\u021bialilor cump\u0103r\u0103tori; ele vor fi predate noilor proprietari.<\/p><\/p><p>LIGHT INVESTMENT COTROCENI S.R.L. particip\u0103 la IAB Europe Transparency &amp; Consent Framework (Cadrul de transparen\u021b\u0103 \u0219i consim\u021b\u0103m\u00e2nt IAB Europe) \u0219i respect\u0103 specifica\u021biile \u0219i politicile sale. Utilizeaz\u0103 platforma de gestionare a consim\u021b\u0103m\u00e2ntului cu num\u0103rul de identificare 332.&nbsp;<\/p><p>Am \u00eencheiat un Acord de prelucrare a datelor cu Google.<\/p><h2>5. Securitate<\/h2><p>Suntem dedica\u021bi securit\u0103\u021bii datelor cu caracter personal. Lu\u0103m m\u0103surile de securitate adecvate pentru a limita abuzul \u0219i accesul neautorizat la datele cu caracter personal. Astfel, ne asigur\u0103m c\u0103 numai persoanele necesare au acces la datele tale, c\u0103 accesul la date este protejat \u0219i c\u0103 m\u0103surile noastre de securitate sunt revizuite \u00een mod regulat.<\/p><h2>6. Site-uri ale unor ter\u021be p\u0103r\u021bi<\/h2><p>Aceast\u0103 declara\u021bie de confiden\u021bialitate nu se aplic\u0103 site-urilor unor ter\u021be p\u0103r\u021bi conectate prin linkuri pe site-ul nostru. Nu putem garanta c\u0103 aceste ter\u021be p\u0103r\u021bi \u00ee\u021bi gestioneaz\u0103 datele cu caracter personal \u00eentr-un mod corect sau sigur. \u00ce\u021bi recomand\u0103m s\u0103 cite\u0219ti declara\u021biile de confiden\u021bialitate ale acestor site-uri \u00eenainte de a le utiliza.<\/p><h2>7. Modific\u0103ri la aceast\u0103 Declara\u021bie de confiden\u021bialitate<\/h2><p>Ne rezerv\u0103m dreptul de a aduce modific\u0103ri acestei Declara\u021bii de confiden\u021bialitate. Este recomandat s\u0103 consul\u021bi \u00een mod regulat aceast\u0103 Declara\u021bie de confiden\u021bialitate, pentru a fi la curent cu orice modificare. \u00cen plus, te vom informa activ ori de c\u00e2te ori este posibil.<\/p><h2>8. Accesarea \u0219i modificarea datelor tale<\/h2><p>Dac\u0103 ai \u00eentreb\u0103ri sau dore\u0219ti s\u0103 \u0219tii exact ce date personale de\u021binem despre tine, te rug\u0103m s\u0103 ne contactezi. Ne po\u021bi contacta folosind informa\u021biile de mai jos. Ai urm\u0103toarele drepturi:<\/p><ul>\n                <li>Ai dreptul s\u0103 \u0219tii de ce sunt necesare datele tale personale, ce se va \u00eent\u00e2mpla cu acestea \u0219i c\u00e2t timp vor fi p\u0103strate.<\/li>\n                <li>Dreptul de acces: Ai dreptul de a accesa datele tale personale pe care le cunoa\u0219tem.<\/li>\n                <li>Dreptul la rectificare: ai dreptul de a completa, corecta, \u0219terge sau bloca datele tale personale ori de c\u00e2te ori dore\u0219ti.<\/li>\n                <li>Dac\u0103 ne dai consim\u021b\u0103m\u00e2ntul pentru a prelucra datele tale, ai dreptul de a revoca consim\u021b\u0103m\u00e2ntul respectiv \u0219i de a solicita \u0219tergerea datelor personale.<\/li>\n                <li>Dreptul de a \u00ee\u021bi transfera datele: ai dreptul de a solicita toate datele tale personale de la operator \u0219i de a le transfera \u00een \u00eentregime c\u0103tre alt operator.<\/li>\n                <li>Dreptul de a obiecta: te po\u021bi opune prelucr\u0103rii datelor tale. Respect\u0103m acest lucru, cu excep\u021bia cazului \u00een care exist\u0103 motive justificate pentru prelucrare.<\/li>\n            <\/ul><p>Te rug\u0103m s\u0103 te asiguri c\u0103 precizezi \u00eentotdeauna clar cine e\u0219ti, astfel \u00eenc\u00e2t s\u0103 fim siguri c\u0103 nu modific\u0103m sau \u0219tergem niciun fel de date ale unei persoane gre\u0219ite.<\/p><h2>9. Trimiterea unei reclama\u021bii<\/h2><p>Dac\u0103 ai o nemul\u021bumire despre modul \u00een care gestion\u0103m prelucrarea datelor tale cu caracter personal, ori modul \u00een care gestion\u0103m o reclama\u021bie cu privire la prleucrarea acestor date, ai dreptul de a depune o reclama\u021bie la Autoritatea pentru Protec\u021bia Datelor cu Caracter Personal.<\/p><h2>10. Date de contact<\/h2><p>LIGHT INVESTMENT COTROCENI S.R.L.<br \/>\n        Bld Iuliu Maniu, Nr.6q, Parter. Camera 7, Sector 6, Judet: Bucuresti, 061103<br \/>\n        Rom\u00e2nia<br \/>\n        Website: <a href=\"https:\/\/www.the-light-one.ro\/ro\/\">https:\/\/www.the-light-one.ro\/ro\/<\/a> <br \/>\n        Email: <span class=\"cmplz-obfuscate\">&#099;o&#110;t&#097;&#099;t@<span class=\"cmplz-fmail-domain\">&#101;&#120;.c&#111;m<\/span>the&#045;l&#105;&#103;&#104;t-&#111;ne.ro<\/span> <br \/>\n        <\/p><h2>11. Solicit\u0103ri de date<\/h2><p>Pentru solicit\u0103rile cele mai frecvente, ai \u0219i posibilitatea de a folosi formularul nostru pentru solicit\u0103ri de date<br \/>\t\t\t<div class=\"cmplz-datarequest cmplz-alert\">\n\t\t\t\t<span class=\"cmplz-close\">&times;<\/span>\n\t\t\t\t<span id=\"cmplz-message\"><\/span>\n\t\t\t<\/div>\n\t\t\t<form id=\"cmplz-datarequest-form\">\n\t\t\t\t<input type=\"hidden\" required value=\"eu\" name=\"cmplz_datarequest_region\" id=\"cmplz_datarequest_region\">\n\n\t\t\t\t<label for=\"cmplz_datarequest_firstname\" class=\"cmplz-first-name\">Nume\t\t\t\t\t<input type=\"search\" class=\"datarequest-firstname\" value=\"\" placeholder=\"your first name\" id=\"cmplz_datarequest_firstname\" name=\"cmplz_datarequest_firstname\">\n\t\t\t\t<\/label>\n\t\t\t\t<div>\n\t\t\t\t\t<label for=\"cmplz_datarequest_name\">Nume<\/label>\n\t\t\t\t\t<input type=\"text\" required value=\"\" placeholder=\"Numele t\u0103u\" id=\"cmplz_datarequest_name\" name=\"cmplz_datarequest_name\">\n\t\t\t\t<\/div>\n\t\t\t\t<div>\n\t\t\t\t\t<label for=\"cmplz_datarequest_email\">Email<\/label>\n\t\t\t\t\t<input type=\"email\" required value=\"\" placeholder=\"email@email.com\" id=\"cmplz_datarequest_email\" name=\"cmplz_datarequest_email\">\n\t\t\t\t<\/div>\n\t\t\t\t\t\t\t\t\t\t<div class=\"cmplz_datarequest cmplz_datarequest_request_for_access\">\n\t\t\t\t\t\t\t<label for=\"cmplz_datarequest_request_for_access\">\n\t\t\t\t\t\t\t\t<input type=\"checkbox\" value=\"1\" name=\"cmplz_datarequest_request_for_access\" id=\"cmplz_datarequest_request_for_access\" \/>\n\t\t\t\t\t\t\t\tTrimite o solicitare pentru acces la informa\u021biile despre tine pe care le prelucr\u0103m.\t\t\t\t\t\t\t<\/label>\n\t\t\t\t\t\t<\/div>\n\t\t\t\t\t\t\t\t\t\t<div class=\"cmplz_datarequest cmplz_datarequest_right_to_be_forgotten\">\n\t\t\t\t\t\t\t<label for=\"cmplz_datarequest_right_to_be_forgotten\">\n\t\t\t\t\t\t\t\t<input type=\"checkbox\" value=\"1\" name=\"cmplz_datarequest_right_to_be_forgotten\" id=\"cmplz_datarequest_right_to_be_forgotten\" \/>\n\t\t\t\t\t\t\t\tTrimite o solicitare pentru \u0219tergerea datelor care nu mai sunt relevante.\t\t\t\t\t\t\t<\/label>\n\t\t\t\t\t\t<\/div>\n\t\t\t\t\t\t\t\t\t\t<div class=\"cmplz_datarequest cmplz_datarequest_right_to_data_portability\">\n\t\t\t\t\t\t\t<label for=\"cmplz_datarequest_right_to_data_portability\">\n\t\t\t\t\t\t\t\t<input type=\"checkbox\" value=\"1\" name=\"cmplz_datarequest_right_to_data_portability\" id=\"cmplz_datarequest_right_to_data_portability\" \/>\n\t\t\t\t\t\t\t\tTrimite o solicitare pentru a primi un fi\u0219ier cu informa\u021biile despre tine pe care le prelucr\u0103m.\t\t\t\t\t\t\t<\/label>\n\t\t\t\t\t\t<\/div>\n\t\t\t\t\t\t\t\t<input type=\"button\" id=\"cmplz-datarequest-submit\" value=\"Trimite\">\n\t\t\t<\/form>\n\n\t\t\t<style>\n\t\t\t\t\/* first-name is honeypot *\/\n\t\t\t\t.cmplz-first-name {\n\t\t\t\t\tposition: absolute !important;\n\t\t\t\t\tleft: -5000px !important;\n\t\t\t\t}\n\t\t\t<\/style>\n\t\t\t<\/p><\/div><\/div>\n\t\t\t\t\t\t<\/div>\n\t\t\t\t<\/div>\n\t\t\t\t\t<\/div>\n\t\t\t\t<\/div>\n\t\t\t\t<\/div>\n\t\t","protected":false},"excerpt":{"rendered":"<p>Declara\u021bie de confiden\u021bialitate (UE)<\/p>\n","protected":false},"author":1,"featured_media":0,"parent":0,"menu_order":0,"comment_status":"closed","ping_status":"closed","template":"","meta":{"_acf_changed":false,"footnotes":""},"class_list":["post-2188","page","type-page","status-publish","hentry"],"acf":[],"_links":{"self":[{"href":"https:\/\/www.the-light-one.ro\/ro\/wp-json\/wp\/v2\/pages\/2188","targetHints":{"allow":["GET"]}}],"collection":[{"href":"https:\/\/www.the-light-one.ro\/ro\/wp-json\/wp\/v2\/pages"}],"about":[{"href":"https:\/\/www.the-light-one.ro\/ro\/wp-json\/wp\/v2\/types\/page"}],"author":[{"embeddable":true,"href":"https:\/\/www.the-light-one.ro\/ro\/wp-json\/wp\/v2\/users\/1"}],"replies":[{"embeddable":true,"href":"https:\/\/www.the-light-one.ro\/ro\/wp-json\/wp\/v2\/comments?post=2188"}],"version-history":[{"count":1,"href":"https:\/\/www.the-light-one.ro\/ro\/wp-json\/wp\/v2\/pages\/2188\/revisions"}],"predecessor-version":[{"id":2189,"href":"https:\/\/www.the-light-one.ro\/ro\/wp-json\/wp\/v2\/pages\/2188\/revisions\/2189"}],"wp:attachment":[{"href":"https:\/\/www.the-light-one.ro\/ro\/wp-json\/wp\/v2\/media?parent=2188"}],"curies":[{"name":"wp","href":"https:\/\/api.w.org\/{rel}","templated":true}]}}